{"id":3,"date":"2025-10-14T09:07:51","date_gmt":"2025-10-14T07:07:51","guid":{"rendered":"https:\/\/www.pulsarcapital.com\/?page_id=3"},"modified":"2026-04-06T22:45:22","modified_gmt":"2026-04-06T20:45:22","slug":"politica-privacidad","status":"publish","type":"page","link":"https:\/\/www.pulsarcapital.com\/?page_id=3","title":{"rendered":"Pol\u00edtica de protecci\u00f3n de datos"},"content":{"rendered":"\n<h2 class=\"wp-block-heading\">Pol\u00edtica General de Protecci\u00f3n de Datos de Car\u00e1cter Personal de la Asociaci\u00f3n Democracia y Derechos por la Democracia Real y los Derechos Fundamentales del Ciudadano<\/h2>\n\n\n\n<h3 class=\"wp-block-heading\">\u00bfQui\u00e9n es el Responsable del tratamiento de sus datos?<\/h3>\n\n\n\n<p>Pulsar Capital EAFN SL.<br>Direcci\u00f3n: Calle Antonio Machado 17 -7A &#8211; 28035 Madrid<br>Contacto para la Oficina de Protecci\u00f3n de Datos:\u00a0<a href=\"mailto:info@democraciareal.com\">info@<\/a>pulsareafi.com<\/p>\n\n\n\n<h3 class=\"wp-block-heading\">\u00bfC\u00f3mo trataremos sus datos?<\/h3>\n\n\n\n<p>En cumplimiento de lo dispuesto por la normativa vigente en materia de protecci\u00f3n de datos, y en el contexto del nuevo marco normativo establecido en virtud de lo dispuesto en el Reglamento (UE) 2016\/679 del Parlamento Europeo y del Consejo, de 27 de abril de 2016, relativo a la protecci\u00f3n de las personas f\u00edsicas en lo que respecta al tratamiento de datos personales y a la libre circulaci\u00f3n de estos datos (en adelante, el \u201cRGPD\u201d), y la normativa nacional en materia de protecci\u00f3n de datos de car\u00e1cter personal, le informamos de que los datos de car\u00e1cter personal que Ud. nos proporciona (en adelante, los \u201cDatos\u201d), ser\u00e1n objeto de tratamiento por parte de Pulsar Capital EAFN SL.<\/p>\n\n\n\n<p>Usted declara que la informaci\u00f3n y los datos que nos ha facilitado son exactos y veraces, reserv\u00e1ndose Pulsar Capital EAFN SL el derecho de excluir de los servicios a aquellos interesados que hayan facilitado datos falsos, sin perjuicio de que se puedan iniciar acciones legales.<\/p>\n\n\n\n<p>Todos los campos que aparecen en los formularios de pulsarcapital.com\u00a0ser\u00e1n de obligada cumplimentaci\u00f3n, de tal modo que la omisi\u00f3n de alguno de ellos podr\u00e1 comportar la imposibilidad de que podamos atender su solicitud, salvo que en el propio formulario haya campos de cumplimentaci\u00f3n voluntaria.<\/p>\n\n\n\n<p>Los datos personales ser\u00e1n tratados con el grado de protecci\u00f3n legalmente exigido para evitar que se produzca cualquier p\u00e9rdida, alteraci\u00f3n, tratamiento o acceso no autorizado.<\/p>\n\n\n\n<p>Si por medio de alg\u00fan formulario nos facilita datos de car\u00e1cter personal de otras personas, le advertimos que deber\u00e1 hacerlo con su consentimiento y haberles informado, con car\u00e1cter previo, de los extremos contenidos en esta Pol\u00edtica de Privacidad.<\/p>\n\n\n\n<p>Si tiene alguna consulta relativa a protecci\u00f3n de datos puede dirigirse a la Pulsar Capital EAFN SL a trav\u00e9s del correo electr\u00f3nico<\/p>\n\n\n\n<p class=\"has-text-align-center\"><a href=\"mailto:info@democraciareal.com\">info@<\/a>pulsareafi.com<\/p>\n\n\n\n<h2 class=\"wp-block-heading\"><\/h2>\n\n\n\n<h3 class=\"wp-block-heading\">\u00bfCon qu\u00e9 finalidad y legitimaci\u00f3n tratamos sus datos personales?<\/h3>\n\n\n\n<p>Sus datos ser\u00e1n tratados exclusivamente por la Pulsar Capital EAFN SL para el env\u00edo de informaci\u00f3n generada por la empresa e invitaciones a eventos.<\/p>\n\n\n\n<h3 class=\"wp-block-heading\">\u00bfC\u00f3mo garantizamos la seguridad de sus datos?<\/h3>\n\n\n\n<p>Pulsar Capital EAFN SL mantiene las medidas de seguridad de protecci\u00f3n de datos personales conforme al contenido de lo dispuesto en el R.G.P.D. y ha establecido todos los medios t\u00e9cnicos a su alcance para evitar la p\u00e9rdida, mal uso, alteraci\u00f3n, acceso no autorizado y robo de los datos que nos facilite.<\/p>\n\n\n\n<h3 class=\"wp-block-heading\">\u00bfC\u00f3mo se tratar\u00e1n datos de menores de edad?<\/h3>\n\n\n\n<p>Pulsar Capital EAFN SL no recabar\u00e1 ni tratar\u00e1 datos personales de menores de edad, sin dar pleno cumplimiento a los requisitos establecidos en la normativa aplicable de protecci\u00f3n de datos, en lo relativo al cumplimiento del deber de informar y la obtenci\u00f3n de aquellos consentimientos que resultasen necesarios.<\/p>\n\n\n\n<h3 class=\"wp-block-heading\">\u00bfPor cu\u00e1nto tiempo conservaremos sus datos?<\/h3>\n\n\n\n<p>Los datos personales a los que se tenga acceso en virtud de su relaci\u00f3n con Pulsar Capital EAFN SL se tratar\u00e1n mientras resulten precisos para la gesti\u00f3n de los fines informados y siempre que no hubiera retirado su consentimiento para los mismos.<\/p>\n\n\n\n<h3 class=\"wp-block-heading\">\u00bfQui\u00e9nes recibir\u00e1n sus datos?<\/h3>\n\n\n\n<p>Pulsar Capital EAFN SL no ceder\u00e1 datos a terceros, salvo que exista alguna obligaci\u00f3n legal.<\/p>\n\n\n\n<h3 class=\"wp-block-heading\">\u00bfCu\u00e1les son sus derechos cuando nos facilita sus datos?<\/h3>\n\n\n\n<p>Ud. podr\u00e1, en relaci\u00f3n a aquellos tratamientos que est\u00e9n basados en la obtenci\u00f3n de su consentimiento, retirar su consentimiento a trav\u00e9s del procedimiento que se detalla en el siguiente p\u00e1rrafo.<\/p>\n\n\n\n<p>Ud. podr\u00e1 ejercitar, si lo desea, los derechos de acceso, rectificaci\u00f3n y supresi\u00f3n de datos, as\u00ed como solicitar que se limite el tratamiento de sus datos personales, oponerse al mismo, solicitar la portabilidad de sus datos, as\u00ed como no ser objeto de decisiones individuales automatizadas, en su caso, remitiendo una comunicaci\u00f3n por escrito o contactando con Pulsar Capital EAFN SL a trav\u00e9s de la siguiente direcci\u00f3n de correo electr\u00f3nico:<\/p>\n\n\n\n<p class=\"has-text-align-center\"><a href=\"mailto:info@democraciareal.com\">info@<\/a>pulsareafi.com<\/p>\n\n\n\n<p>Tambi\u00e9n podr\u00e1 dirigirse a la Pulsar Capital EAFN SL por correo postal en la direcci\u00f3n: Calle Antonio Machado, 17 -7A &#8211; 28035 Madrid<\/p>\n\n\n\n<h3 class=\"wp-block-heading\">\u00bfAnte que autoridad puede ejercitar sus reclamaciones?<\/h3>\n\n\n\n<p>Ud. podr\u00e1 presentar una reclamaci\u00f3n ante Pulsar Capital EAFN SL, a trav\u00e9s de la direcci\u00f3n de correo electr\u00f3nico\u00a0<a href=\"mailto:info@democraciareal.com\">info@<\/a>pulsareafi.com o bien en la direcci\u00f3n postal Pulsar Capital EAFN SL por correo postal en la direcci\u00f3n: Calle Antonio Machado, 17 -7A &#8211; 28035 Madrid \u00a0con el fin de que podamos satisfacer sus derechos en esta materia. En cualquier caso, Ud. siempre podr\u00e1 acudir a la Agencia Espa\u00f1ola de Protecci\u00f3n de Datos como autoridad de control en materia de protecci\u00f3n de datos.<\/p>\n\n\n\n<p><\/p>\n","protected":false},"excerpt":{"rendered":"<p>Pol\u00edtica General de Protecci\u00f3n de Datos de Car\u00e1cter Personal de la Asociaci\u00f3n Democracia y Derechos por la Democracia Real y los Derechos Fundamentales del Ciudadano \u00bfQui\u00e9n es el Responsable del tratamiento de sus datos? Pulsar Capital EAFN SL.Direcci\u00f3n: Calle Antonio Machado 17 -7A &#8211; 28035 MadridContacto para la Oficina de Protecci\u00f3n de Datos:\u00a0info@pulsareafi.com \u00bfC\u00f3mo trataremos [&hellip;]<\/p>\n","protected":false},"author":1,"featured_media":0,"parent":0,"menu_order":0,"comment_status":"closed","ping_status":"open","template":"","meta":{"footnotes":""},"class_list":["post-3","page","type-page","status-publish","hentry"],"yoast_head":"<!-- This site is optimized with the Yoast SEO plugin v27.3 - https:\/\/yoast.com\/product\/yoast-seo-wordpress\/ -->\n<title>Pol\u00edtica de protecci\u00f3n de datos - PULSAR CAPITAL EAFN Asesoramiento Financiero Independiente<\/title>\n<meta name=\"robots\" content=\"index, follow, max-snippet:-1, max-image-preview:large, max-video-preview:-1\" \/>\n<link rel=\"canonical\" href=\"https:\/\/www.pulsarcapital.com\/?page_id=3\" \/>\n<meta property=\"og:locale\" content=\"es_ES\" \/>\n<meta property=\"og:type\" content=\"article\" \/>\n<meta property=\"og:title\" content=\"Pol\u00edtica de protecci\u00f3n de datos - PULSAR CAPITAL EAFN Asesoramiento Financiero Independiente\" \/>\n<meta property=\"og:description\" content=\"Pol\u00edtica General de Protecci\u00f3n de Datos de Car\u00e1cter Personal de la Asociaci\u00f3n Democracia y Derechos por la Democracia Real y los Derechos Fundamentales del Ciudadano \u00bfQui\u00e9n es el Responsable del tratamiento de sus datos? Pulsar Capital EAFN SL.Direcci\u00f3n: Calle Antonio Machado 17 -7A &#8211; 28035 MadridContacto para la Oficina de Protecci\u00f3n de Datos:\u00a0info@pulsareafi.com \u00bfC\u00f3mo trataremos [&hellip;]\" \/>\n<meta property=\"og:url\" content=\"https:\/\/www.pulsarcapital.com\/?page_id=3\" \/>\n<meta property=\"og:site_name\" content=\"PULSAR CAPITAL EAFN Asesoramiento Financiero Independiente\" \/>\n<meta property=\"article:publisher\" content=\"https:\/\/www.facebook.com\/pulsarcapital\" \/>\n<meta property=\"article:modified_time\" content=\"2026-04-06T20:45:22+00:00\" \/>\n<meta name=\"twitter:card\" content=\"summary_large_image\" \/>\n<meta name=\"twitter:label1\" content=\"Tiempo de lectura\" \/>\n\t<meta name=\"twitter:data1\" content=\"4 minutos\" \/>\n<script type=\"application\/ld+json\" class=\"yoast-schema-graph\">{\"@context\":\"https:\\\/\\\/schema.org\",\"@graph\":[{\"@type\":\"WebPage\",\"@id\":\"https:\\\/\\\/www.pulsarcapital.com\\\/?page_id=3\",\"url\":\"https:\\\/\\\/www.pulsarcapital.com\\\/?page_id=3\",\"name\":\"Pol\u00edtica de protecci\u00f3n de datos - PULSAR CAPITAL EAFN Asesoramiento Financiero Independiente\",\"isPartOf\":{\"@id\":\"http:\\\/\\\/www.pulsarcapital.com\\\/#website\"},\"datePublished\":\"2025-10-14T07:07:51+00:00\",\"dateModified\":\"2026-04-06T20:45:22+00:00\",\"breadcrumb\":{\"@id\":\"https:\\\/\\\/www.pulsarcapital.com\\\/?page_id=3#breadcrumb\"},\"inLanguage\":\"es\",\"potentialAction\":[{\"@type\":\"ReadAction\",\"target\":[\"https:\\\/\\\/www.pulsarcapital.com\\\/?page_id=3\"]}]},{\"@type\":\"BreadcrumbList\",\"@id\":\"https:\\\/\\\/www.pulsarcapital.com\\\/?page_id=3#breadcrumb\",\"itemListElement\":[{\"@type\":\"ListItem\",\"position\":1,\"name\":\"Portada\",\"item\":\"http:\\\/\\\/www.pulsarcapital.com\\\/\"},{\"@type\":\"ListItem\",\"position\":2,\"name\":\"Pol\u00edtica de protecci\u00f3n de datos\"}]},{\"@type\":\"WebSite\",\"@id\":\"http:\\\/\\\/www.pulsarcapital.com\\\/#website\",\"url\":\"http:\\\/\\\/www.pulsarcapital.com\\\/\",\"name\":\"http:\\\/\\\/www.pulsarcapital.com\",\"description\":\"Asesoramienot financiero Independiente\",\"publisher\":{\"@id\":\"http:\\\/\\\/www.pulsarcapital.com\\\/#organization\"},\"potentialAction\":[{\"@type\":\"SearchAction\",\"target\":{\"@type\":\"EntryPoint\",\"urlTemplate\":\"http:\\\/\\\/www.pulsarcapital.com\\\/?s={search_term_string}\"},\"query-input\":{\"@type\":\"PropertyValueSpecification\",\"valueRequired\":true,\"valueName\":\"search_term_string\"}}],\"inLanguage\":\"es\"},{\"@type\":\"Organization\",\"@id\":\"http:\\\/\\\/www.pulsarcapital.com\\\/#organization\",\"name\":\"PULSAR CAPITAL EAFN SL\",\"url\":\"http:\\\/\\\/www.pulsarcapital.com\\\/\",\"logo\":{\"@type\":\"ImageObject\",\"inLanguage\":\"es\",\"@id\":\"http:\\\/\\\/www.pulsarcapital.com\\\/#\\\/schema\\\/logo\\\/image\\\/\",\"url\":\"http:\\\/\\\/www.pulsarcapital.com\\\/wp-content\\\/uploads\\\/2026\\\/02\\\/LOGO-PULSAR-EAFN-CON-SL.jpg\",\"contentUrl\":\"http:\\\/\\\/www.pulsarcapital.com\\\/wp-content\\\/uploads\\\/2026\\\/02\\\/LOGO-PULSAR-EAFN-CON-SL.jpg\",\"width\":1140,\"height\":296,\"caption\":\"PULSAR CAPITAL EAFN SL\"},\"image\":{\"@id\":\"http:\\\/\\\/www.pulsarcapital.com\\\/#\\\/schema\\\/logo\\\/image\\\/\"},\"sameAs\":[\"https:\\\/\\\/www.facebook.com\\\/pulsarcapital\",\"https:\\\/\\\/www.linkedin.com\\\/company\\\/patrimonio-y-finanzas-personales-s.l-\\\/\"]}]}<\/script>\n<!-- \/ Yoast SEO plugin. -->","yoast_head_json":{"title":"Pol\u00edtica de protecci\u00f3n de datos - PULSAR CAPITAL EAFN Asesoramiento Financiero Independiente","robots":{"index":"index","follow":"follow","max-snippet":"max-snippet:-1","max-image-preview":"max-image-preview:large","max-video-preview":"max-video-preview:-1"},"canonical":"https:\/\/www.pulsarcapital.com\/?page_id=3","og_locale":"es_ES","og_type":"article","og_title":"Pol\u00edtica de protecci\u00f3n de datos - PULSAR CAPITAL EAFN Asesoramiento Financiero Independiente","og_description":"Pol\u00edtica General de Protecci\u00f3n de Datos de Car\u00e1cter Personal de la Asociaci\u00f3n Democracia y Derechos por la Democracia Real y los Derechos Fundamentales del Ciudadano \u00bfQui\u00e9n es el Responsable del tratamiento de sus datos? Pulsar Capital EAFN SL.Direcci\u00f3n: Calle Antonio Machado 17 -7A &#8211; 28035 MadridContacto para la Oficina de Protecci\u00f3n de Datos:\u00a0info@pulsareafi.com \u00bfC\u00f3mo trataremos [&hellip;]","og_url":"https:\/\/www.pulsarcapital.com\/?page_id=3","og_site_name":"PULSAR CAPITAL EAFN Asesoramiento Financiero Independiente","article_publisher":"https:\/\/www.facebook.com\/pulsarcapital","article_modified_time":"2026-04-06T20:45:22+00:00","twitter_card":"summary_large_image","twitter_misc":{"Tiempo de lectura":"4 minutos"},"schema":{"@context":"https:\/\/schema.org","@graph":[{"@type":"WebPage","@id":"https:\/\/www.pulsarcapital.com\/?page_id=3","url":"https:\/\/www.pulsarcapital.com\/?page_id=3","name":"Pol\u00edtica de protecci\u00f3n de datos - PULSAR CAPITAL EAFN Asesoramiento Financiero Independiente","isPartOf":{"@id":"http:\/\/www.pulsarcapital.com\/#website"},"datePublished":"2025-10-14T07:07:51+00:00","dateModified":"2026-04-06T20:45:22+00:00","breadcrumb":{"@id":"https:\/\/www.pulsarcapital.com\/?page_id=3#breadcrumb"},"inLanguage":"es","potentialAction":[{"@type":"ReadAction","target":["https:\/\/www.pulsarcapital.com\/?page_id=3"]}]},{"@type":"BreadcrumbList","@id":"https:\/\/www.pulsarcapital.com\/?page_id=3#breadcrumb","itemListElement":[{"@type":"ListItem","position":1,"name":"Portada","item":"http:\/\/www.pulsarcapital.com\/"},{"@type":"ListItem","position":2,"name":"Pol\u00edtica de protecci\u00f3n de datos"}]},{"@type":"WebSite","@id":"http:\/\/www.pulsarcapital.com\/#website","url":"http:\/\/www.pulsarcapital.com\/","name":"http:\/\/www.pulsarcapital.com","description":"Asesoramienot financiero Independiente","publisher":{"@id":"http:\/\/www.pulsarcapital.com\/#organization"},"potentialAction":[{"@type":"SearchAction","target":{"@type":"EntryPoint","urlTemplate":"http:\/\/www.pulsarcapital.com\/?s={search_term_string}"},"query-input":{"@type":"PropertyValueSpecification","valueRequired":true,"valueName":"search_term_string"}}],"inLanguage":"es"},{"@type":"Organization","@id":"http:\/\/www.pulsarcapital.com\/#organization","name":"PULSAR CAPITAL EAFN SL","url":"http:\/\/www.pulsarcapital.com\/","logo":{"@type":"ImageObject","inLanguage":"es","@id":"http:\/\/www.pulsarcapital.com\/#\/schema\/logo\/image\/","url":"http:\/\/www.pulsarcapital.com\/wp-content\/uploads\/2026\/02\/LOGO-PULSAR-EAFN-CON-SL.jpg","contentUrl":"http:\/\/www.pulsarcapital.com\/wp-content\/uploads\/2026\/02\/LOGO-PULSAR-EAFN-CON-SL.jpg","width":1140,"height":296,"caption":"PULSAR CAPITAL EAFN SL"},"image":{"@id":"http:\/\/www.pulsarcapital.com\/#\/schema\/logo\/image\/"},"sameAs":["https:\/\/www.facebook.com\/pulsarcapital","https:\/\/www.linkedin.com\/company\/patrimonio-y-finanzas-personales-s.l-\/"]}]}},"_links":{"self":[{"href":"https:\/\/www.pulsarcapital.com\/index.php?rest_route=\/wp\/v2\/pages\/3","targetHints":{"allow":["GET"]}}],"collection":[{"href":"https:\/\/www.pulsarcapital.com\/index.php?rest_route=\/wp\/v2\/pages"}],"about":[{"href":"https:\/\/www.pulsarcapital.com\/index.php?rest_route=\/wp\/v2\/types\/page"}],"author":[{"embeddable":true,"href":"https:\/\/www.pulsarcapital.com\/index.php?rest_route=\/wp\/v2\/users\/1"}],"replies":[{"embeddable":true,"href":"https:\/\/www.pulsarcapital.com\/index.php?rest_route=%2Fwp%2Fv2%2Fcomments&post=3"}],"version-history":[{"count":1,"href":"https:\/\/www.pulsarcapital.com\/index.php?rest_route=\/wp\/v2\/pages\/3\/revisions"}],"predecessor-version":[{"id":130,"href":"https:\/\/www.pulsarcapital.com\/index.php?rest_route=\/wp\/v2\/pages\/3\/revisions\/130"}],"wp:attachment":[{"href":"https:\/\/www.pulsarcapital.com\/index.php?rest_route=%2Fwp%2Fv2%2Fmedia&parent=3"}],"curies":[{"name":"wp","href":"https:\/\/api.w.org\/{rel}","templated":true}]}}